{"id":867,"date":"2021-07-02T06:09:47","date_gmt":"2021-07-02T04:09:47","guid":{"rendered":"http:\/\/www.michels-restaurant.de\/?page_id=867"},"modified":"2022-01-22T08:27:06","modified_gmt":"2022-01-22T07:27:06","slug":"ferienwohnungen-muemling-appartments","status":"publish","type":"page","link":"http:\/\/www.michels-restaurant.de\/?page_id=867","title":{"rendered":"Ferienwohnungen &#8222;M\u00fcmling Appartments&#8220;"},"content":{"rendered":"\n<p>&#8222;HERZLICH WILLKOMMEN&#8220; in den Ferienwohnungen des &#8222;Laurentius&#8220;&#8230;<\/p>\n\n\n\n<p>Freuen Sie sich auf einen Urlaub in  einer der sch\u00f6nsten St\u00e4dte des Odenwald. Genie\u00dfen Sie erholsame und erlebnisreiche Tage, zu jeder Jahreszeit, inmitten der historischen Altstadt (direkt am Erbacher Schloss). Die geschmackvoll eingerichteten Ferienwohnungen, f\u00fcr 2 bis 4 Personen, liegen zentral und trotzdem sehr ruhig!<\/p>\n\n\n\n<p>In unmittelbarer N\u00e4he befindt sich alles, was das &#8222;Urlauberherz&#8220; begehrt; wie z. B. Museen, Kreditinstitute, B\u00e4ckereien, das beliebte Erbacher Schwimmbad, B\u00fcchereien u. v. m.! Alles Notwendige befindet sich nur wenige Gehminuten entfernt&#8230;<\/p>\n\n\n\n<p>Unsere Ferieng\u00e4ste bieten wir div. Sonderleistungen; dazu geh\u00f6rt unter anderen 10 prozentiger Rabatt in unseren 3 gestronomischen Betrieben, wo sie genie\u00dfen und relaxen k\u00f6nnen. Das Motto unseres Chefs lautet: &#8222;KOMMEN SIE ALS GAST UND GEHEN SIE ALS FREUND!&#8220;<\/p>\n\n\n\n<p>Erbach ist der ideale Ausgangspunkt f\u00fcr allerlei Ausfl\u00fcge. Unsere geschichtstr\u00e4chtige Stadt befindet sich nicht weit von Aschaffenburg, Frankfurt, Darmstadt und Heidelberg entfernt. Auch andere attraktive Ziele, wie der &#8222;Eulbacher Park&#8220;, die Sommerrodelbahn, das Sinsheimer &#8222;Technik-Museum&#8220; und das Weinheimer Erlebnisbad (f\u00fcr Alt und Jung) sind schnell zu erreichen.<\/p>\n\n\n\n<p>Wir w\u00fcrden uns freuen, Sie im sch\u00f6nen Erbach im Odenwald begr\u00fc\u00dfen zu d\u00fcrfen&#8230;<\/p>\n\n\n\n<p>Weitere Informationen und Reservierungen w\u00e4hrend unserer \u00d6ffnungszeiten telefonisch unter 06062\/3559 oder immer per Email unter michel.eichhorn@web.de!<\/p>\n\n\n\n<div class=\"alignnormal\"><div id=\"metaslider-id-874\" style=\"width: 100%;\" class=\"ml-slider-3-40-0 metaslider metaslider-flex metaslider-874 ml-slider ms-theme-radix has-carousel-mode has-dots-nav\" role=\"region\" aria-roledescription=\"Slideshow\" aria-label=\"Impressionen Ferienwohnung\">\n    <div id=\"metaslider_container_874\">\n        <div id=\"metaslider_874\">\n            <ul aria-live=\"polite\" class=\"slides\">\n                <li style=\"display: none; width: 100%;\" class=\"slide-877 ms-image\" aria-roledescription=\"slide\" aria-label=\"slide-877\"><img src=\"http:\/\/www.michels-restaurant.de\/wp-content\/uploads\/2021\/07\/IMG-20210624-WA0000-700x500.jpg\" height=\"500\" width=\"700\" alt=\"\" class=\"slider-874 slide-877\" title=\"IMG-20210624-WA0000\" \/><\/li>\n                <li style=\"display: none; width: 100%;\" class=\"slide-876 ms-image\" aria-roledescription=\"slide\" aria-label=\"slide-876\"><img src=\"http:\/\/www.michels-restaurant.de\/wp-content\/uploads\/2021\/07\/IMG-20210624-WA0001-700x500.jpg\" height=\"500\" width=\"700\" alt=\"\" class=\"slider-874 slide-876\" title=\"IMG-20210624-WA0001\" \/><\/li>\n                <li style=\"display: none; width: 100%;\" class=\"slide-878 ms-image\" aria-roledescription=\"slide\" aria-label=\"slide-878\"><img src=\"http:\/\/www.michels-restaurant.de\/wp-content\/uploads\/2021\/07\/IMG-20210624-WA0002-700x500.jpg\" height=\"500\" width=\"700\" alt=\"\" class=\"slider-874 slide-878\" title=\"IMG-20210624-WA0002\" \/><\/li>\n                <li style=\"display: none; width: 100%;\" class=\"slide-881 ms-image\" aria-roledescription=\"slide\" aria-label=\"slide-881\"><img src=\"http:\/\/www.michels-restaurant.de\/wp-content\/uploads\/2021\/07\/IMG-20210624-WA0003-700x500.jpg\" height=\"500\" width=\"700\" alt=\"\" class=\"slider-874 slide-881\" title=\"IMG-20210624-WA0003\" \/><\/li>\n                <li style=\"display: none; width: 100%;\" class=\"slide-880 ms-image\" aria-roledescription=\"slide\" aria-label=\"slide-880\"><img src=\"http:\/\/www.michels-restaurant.de\/wp-content\/uploads\/2021\/07\/IMG-20210624-WA0005-700x500.jpg\" height=\"500\" width=\"700\" alt=\"\" class=\"slider-874 slide-880\" title=\"IMG-20210624-WA0005\" \/><\/li>\n                <li style=\"display: none; width: 100%;\" class=\"slide-879 ms-image\" aria-roledescription=\"slide\" aria-label=\"slide-879\"><img src=\"http:\/\/www.michels-restaurant.de\/wp-content\/uploads\/2021\/07\/IMG-20210624-WA0004-700x500.jpg\" height=\"500\" width=\"700\" alt=\"\" class=\"slider-874 slide-879\" title=\"IMG-20210624-WA0004\" \/><\/li>\n                <li style=\"display: none; width: 100%;\" class=\"slide-885 ms-image\" aria-roledescription=\"slide\" aria-label=\"slide-885\"><img src=\"http:\/\/www.michels-restaurant.de\/wp-content\/uploads\/2021\/07\/IMG-20210624-WA0006-700x500.jpg\" height=\"500\" width=\"700\" alt=\"\" class=\"slider-874 slide-885\" title=\"IMG-20210624-WA0006\" \/><\/li>\n                <li style=\"display: none; width: 100%;\" class=\"slide-884 ms-image\" aria-roledescription=\"slide\" aria-label=\"slide-884\"><img src=\"http:\/\/www.michels-restaurant.de\/wp-content\/uploads\/2021\/07\/IMG-20210624-WA0009-700x500.jpg\" height=\"500\" width=\"700\" alt=\"\" class=\"slider-874 slide-884\" title=\"IMG-20210624-WA0009\" \/><\/li>\n                <li style=\"display: none; width: 100%;\" class=\"slide-883 ms-image\" aria-roledescription=\"slide\" aria-label=\"slide-883\"><img src=\"http:\/\/www.michels-restaurant.de\/wp-content\/uploads\/2021\/07\/IMG-20210624-WA0008-700x500.jpg\" height=\"500\" width=\"700\" alt=\"\" class=\"slider-874 slide-883\" title=\"IMG-20210624-WA0008\" \/><\/li>\n                <li style=\"display: none; width: 100%;\" class=\"slide-882 ms-image\" aria-roledescription=\"slide\" aria-label=\"slide-882\"><img src=\"http:\/\/www.michels-restaurant.de\/wp-content\/uploads\/2021\/07\/IMG-20210624-WA0007-700x500.jpg\" height=\"500\" width=\"700\" alt=\"\" class=\"slider-874 slide-882\" title=\"IMG-20210624-WA0007\" \/><\/li>\n            <\/ul>\n        <\/div>\n        \n    <\/div>\n<\/div><\/div>\n\n\n\n<div class=\"wp-block-group is-layout-flow wp-block-group-is-layout-flow\"><div class=\"wp-block-group__inner-container\">\n<div class=\"wp-block-columns is-layout-flex wp-container-20 wp-block-columns-is-layout-flex\">\n<div class=\"wp-block-column foerder_gruppe is-layout-flow wp-block-column-is-layout-flow\">\n<div class=\"wp-block-columns is-layout-flex wp-container-3 wp-block-columns-is-layout-flex\">\n<div class=\"wp-block-column is-layout-flow wp-block-column-is-layout-flow\" style=\"flex-basis:33.33%\"><\/div>\n\n\n\n<div class=\"wp-block-column is-layout-flow wp-block-column-is-layout-flow\" style=\"flex-basis:66.66%\">\n<p class=\"foerder_ueberschrift\">Gef\u00f6rdert durch<\/p>\n<\/div>\n<\/div>\n\n\n\n<div class=\"wp-block-columns foerder_row is-layout-flex wp-container-6 wp-block-columns-is-layout-flex\">\n<div class=\"wp-block-column is-layout-flow wp-block-column-is-layout-flow\" style=\"flex-basis:33.33%\">\n<figure class=\"wp-block-image size-full\"><img decoding=\"async\" loading=\"lazy\" width=\"474\" height=\"322\" src=\"http:\/\/www.michels-restaurant.de\/wp-content\/uploads\/2022\/01\/eu_flag.jpg\" alt=\"\" class=\"wp-image-957\" srcset=\"http:\/\/www.michels-restaurant.de\/wp-content\/uploads\/2022\/01\/eu_flag.jpg 474w, http:\/\/www.michels-restaurant.de\/wp-content\/uploads\/2022\/01\/eu_flag-300x204.jpg 300w\" sizes=\"(max-width: 474px) 85vw, 474px\" \/><\/figure>\n<\/div>\n\n\n\n<div class=\"wp-block-column is-layout-flow wp-block-column-is-layout-flow\" style=\"flex-basis:66.66%\">\n<p>Europ\u00e4ischer Landwirtschaftsfonds f\u00fcr die Entwicklung des l\u00e4ndlichen Raums:<br>Hier investiert Europa in l\u00e4ndliche Gebiete<\/p>\n<\/div>\n<\/div>\n\n\n\n<div class=\"wp-block-columns is-layout-flex wp-container-9 wp-block-columns-is-layout-flex\">\n<div class=\"wp-block-column is-layout-flow wp-block-column-is-layout-flow\" style=\"flex-basis:33.33%\"><\/div>\n\n\n\n<div class=\"wp-block-column is-layout-flow wp-block-column-is-layout-flow\" style=\"flex-basis:66.66%\">\n<p class=\"foerder_ueberschrift\">mitfinanziert durch<\/p>\n<\/div>\n<\/div>\n\n\n\n<div class=\"wp-block-columns foerder_row is-layout-flex wp-container-12 wp-block-columns-is-layout-flex\">\n<div class=\"wp-block-column is-layout-flow wp-block-column-is-layout-flow\" style=\"flex-basis:33.33%\">\n<figure class=\"wp-block-image size-full\"><img decoding=\"async\" loading=\"lazy\" width=\"197\" height=\"256\" src=\"http:\/\/www.michels-restaurant.de\/wp-content\/uploads\/2022\/01\/HM_RGB.jpg\" alt=\"\" class=\"wp-image-958\"\/><\/figure>\n\n\n\n<p><\/p>\n<\/div>\n\n\n\n<div class=\"wp-block-column is-layout-flow wp-block-column-is-layout-flow\" style=\"flex-basis:66.66%\">\n<p class=\"has-text-align-left\">das Land Hessen<br>im Rahmen des Entwicklungsplans f\u00fcr den l\u00e4ndlichen Raum des Landes Hessen 2014-2020<\/p>\n<\/div>\n<\/div>\n\n\n\n<p class=\"foerder_hinweis\">mit dem Ziel der Erreichung einer ausgewogenen r\u00e4umlichen Entwicklung der l\u00e4ndlichen Wirtschaft und der l\u00e4ndlichen Gemeinschaft, einschlie\u00dflich der Schaffung und des Erhalts von Arbeitspl\u00e4tzen<\/p>\n\n\n\n<div class=\"wp-block-columns foerder_footer is-layout-flex wp-container-18 wp-block-columns-is-layout-flex\">\n<div class=\"wp-block-column is-layout-flow wp-block-column-is-layout-flow\" style=\"flex-basis:15%\">\n<figure class=\"wp-block-image size-full is-resized\"><img decoding=\"async\" loading=\"lazy\" src=\"http:\/\/www.michels-restaurant.de\/wp-content\/uploads\/2022\/01\/qr-code_eplr.jpg\" alt=\"\" class=\"wp-image-961\" width=\"100\" height=\"100\" srcset=\"http:\/\/www.michels-restaurant.de\/wp-content\/uploads\/2022\/01\/qr-code_eplr.jpg 550w, http:\/\/www.michels-restaurant.de\/wp-content\/uploads\/2022\/01\/qr-code_eplr-300x300.jpg 300w, http:\/\/www.michels-restaurant.de\/wp-content\/uploads\/2022\/01\/qr-code_eplr-150x150.jpg 150w\" sizes=\"(max-width: 100px) 85vw, 100px\" \/><\/figure>\n<\/div>\n\n\n\n<div class=\"wp-block-column is-layout-flow wp-block-column-is-layout-flow\" style=\"flex-basis:25%\">\n<p style=\"font-size:11px;line-height:1\">Dieser Code f\u00fchrt direkt zum ELER-Programm des Hessischen Ministeriums f\u00fcr Umwelt, Klimaschutz, Landwirtschaft und Verbraucherschutz<\/p>\n<\/div>\n\n\n\n<div class=\"wp-block-column is-layout-flow wp-block-column-is-layout-flow\" style=\"flex-basis:30%\">\n<p style=\"line-height:1\"><\/p>\n<\/div>\n\n\n\n<div class=\"wp-block-column is-layout-flow wp-block-column-is-layout-flow\" style=\"flex-basis:15%\">\n<figure class=\"wp-block-image size-full is-resized\"><img decoding=\"async\" loading=\"lazy\" src=\"http:\/\/www.michels-restaurant.de\/wp-content\/uploads\/2022\/01\/logo_eplr2014v4_web.jpg\" alt=\"\" class=\"wp-image-960\" width=\"89\" height=\"100\" srcset=\"http:\/\/www.michels-restaurant.de\/wp-content\/uploads\/2022\/01\/logo_eplr2014v4_web.jpg 600w, http:\/\/www.michels-restaurant.de\/wp-content\/uploads\/2022\/01\/logo_eplr2014v4_web-268x300.jpg 268w\" sizes=\"(max-width: 89px) 85vw, 89px\" \/><\/figure>\n<\/div>\n\n\n\n<div class=\"wp-block-column is-layout-flow wp-block-column-is-layout-flow\" style=\"flex-basis:15%\">\n<figure class=\"wp-block-image size-full is-resized\"><img decoding=\"async\" loading=\"lazy\" src=\"http:\/\/www.michels-restaurant.de\/wp-content\/uploads\/2022\/01\/Leader_07_13_jpg.jpg\" alt=\"\" class=\"wp-image-959\" width=\"100\" height=\"100\" srcset=\"http:\/\/www.michels-restaurant.de\/wp-content\/uploads\/2022\/01\/Leader_07_13_jpg.jpg 1007w, http:\/\/www.michels-restaurant.de\/wp-content\/uploads\/2022\/01\/Leader_07_13_jpg-298x300.jpg 298w, http:\/\/www.michels-restaurant.de\/wp-content\/uploads\/2022\/01\/Leader_07_13_jpg-150x150.jpg 150w, http:\/\/www.michels-restaurant.de\/wp-content\/uploads\/2022\/01\/Leader_07_13_jpg-768x773.jpg 768w, http:\/\/www.michels-restaurant.de\/wp-content\/uploads\/2022\/01\/Leader_07_13_jpg-600x600.jpg 600w\" sizes=\"(max-width: 100px) 85vw, 100px\" \/><\/figure>\n<\/div>\n<\/div>\n<\/div>\n<\/div>\n<\/div><\/div>\n\n\n\n\n\n<p><\/p>\n\n\n","protected":false},"excerpt":{"rendered":"<p>&#8222;HERZLICH WILLKOMMEN&#8220; in den Ferienwohnungen des &#8222;Laurentius&#8220;&#8230; Freuen Sie sich auf einen Urlaub in einer der sch\u00f6nsten St\u00e4dte des Odenwald. Genie\u00dfen Sie erholsame und erlebnisreiche Tage, zu jeder Jahreszeit, inmitten der historischen Altstadt (direkt am Erbacher Schloss). Die geschmackvoll eingerichteten Ferienwohnungen, f\u00fcr 2 bis 4 Personen, liegen zentral und trotzdem sehr ruhig! In unmittelbarer N\u00e4he &hellip; <a href=\"http:\/\/www.michels-restaurant.de\/?page_id=867\" class=\"more-link\"><span class=\"screen-reader-text\">\u201eFerienwohnungen &#8222;M\u00fcmling Appartments&#8220;\u201c<\/span> weiterlesen<\/a><\/p>\n","protected":false},"author":1,"featured_media":0,"parent":0,"menu_order":0,"comment_status":"closed","ping_status":"closed","template":"","meta":{"footnotes":""},"_links":{"self":[{"href":"http:\/\/www.michels-restaurant.de\/index.php?rest_route=\/wp\/v2\/pages\/867"}],"collection":[{"href":"http:\/\/www.michels-restaurant.de\/index.php?rest_route=\/wp\/v2\/pages"}],"about":[{"href":"http:\/\/www.michels-restaurant.de\/index.php?rest_route=\/wp\/v2\/types\/page"}],"author":[{"embeddable":true,"href":"http:\/\/www.michels-restaurant.de\/index.php?rest_route=\/wp\/v2\/users\/1"}],"replies":[{"embeddable":true,"href":"http:\/\/www.michels-restaurant.de\/index.php?rest_route=%2Fwp%2Fv2%2Fcomments&post=867"}],"version-history":[{"count":11,"href":"http:\/\/www.michels-restaurant.de\/index.php?rest_route=\/wp\/v2\/pages\/867\/revisions"}],"predecessor-version":[{"id":989,"href":"http:\/\/www.michels-restaurant.de\/index.php?rest_route=\/wp\/v2\/pages\/867\/revisions\/989"}],"wp:attachment":[{"href":"http:\/\/www.michels-restaurant.de\/index.php?rest_route=%2Fwp%2Fv2%2Fmedia&parent=867"}],"curies":[{"name":"wp","href":"https:\/\/api.w.org\/{rel}","templated":true}]}}