{"id":63,"date":"2019-03-31T06:08:26","date_gmt":"2019-03-31T06:08:26","guid":{"rendered":"https:\/\/nas\/eichhorn\/?page_id=63"},"modified":"2019-08-07T10:57:24","modified_gmt":"2019-08-07T08:57:24","slug":"historie","status":"publish","type":"page","link":"http:\/\/www.michels-restaurant.de\/?page_id=63","title":{"rendered":"Historie"},"content":{"rendered":"\n<div class=\"wp-block-image\"><figure class=\"aligncenter is-resized\"><img decoding=\"async\" loading=\"lazy\" src=\"https:\/\/christian.scheuermann.com.de\/eichhorn\/wp-content\/uploads\/2019\/04\/DSCF0884-1024x768.jpg\" alt=\"\" class=\"wp-image-145\" width=\"512\" height=\"384\" srcset=\"http:\/\/www.michels-restaurant.de\/wp-content\/uploads\/2019\/04\/DSCF0884-1024x768.jpg 1024w, http:\/\/www.michels-restaurant.de\/wp-content\/uploads\/2019\/04\/DSCF0884-300x225.jpg 300w, http:\/\/www.michels-restaurant.de\/wp-content\/uploads\/2019\/04\/DSCF0884-768x576.jpg 768w\" sizes=\"(max-width: 512px) 85vw, 512px\" \/><\/figure><\/div>\n\n\n\n<p style=\"text-align:center\">Das Gasthaus wurde bereits 1524 erbaut und z\u00e4hlt somit zu einem der \u00e4ltesten Geb\u00e4ude Erbachs und Gasth\u00e4usern Deutschlands. Gegessen und Getrunken wurde im &#8222;Hirsch&#8220; schon immer. <\/p>\n\n\n\n<p style=\"text-align:center\">Bereits 1532 belegt eine Urkunde, dass das Haus der leiblichen Erquickung diente: &#8222;Soldatenwerber f\u00fcr kaiserliche Truppen r\u00fchrten ihre Trommel auf dem Marktplatz.&#8220;<\/p>\n\n\n\n<p style=\"text-align:center\">Bis ins Jahr 1952 waren der Gastst\u00e4tte eine B\u00e4ckerei und Landwirtschaft angegliedert. <\/p>\n\n\n\n<p style=\"text-align:center\">1997 \u00fcbernahm Michael Eichhorn die Gastronomie, der zuvor mehrere Jahre in guten Restaurants seine Qualifikationen erweitern konnte.<\/p>\n\n\n\n<p style=\"text-align:center\">2007 wurden die R\u00e4ume von Grund auf renoviert und geben durch milde Farben ein besonderes Flair wieder. <\/p>\n\n\n\n<p style=\"text-align:center\">2017 feierten die Besitzer, Familie Eichhorn, ihr 20 j\u00e4hriges Jubil\u00e4um.<\/p>\n","protected":false},"excerpt":{"rendered":"<p>Das Gasthaus wurde bereits 1524 erbaut und z\u00e4hlt somit zu einem der \u00e4ltesten Geb\u00e4ude Erbachs und Gasth\u00e4usern Deutschlands. Gegessen und Getrunken wurde im &#8222;Hirsch&#8220; schon immer. Bereits 1532 belegt eine Urkunde, dass das Haus der leiblichen Erquickung diente: &#8222;Soldatenwerber f\u00fcr kaiserliche Truppen r\u00fchrten ihre Trommel auf dem Marktplatz.&#8220; Bis ins Jahr 1952 waren der Gastst\u00e4tte &hellip; <a href=\"http:\/\/www.michels-restaurant.de\/?page_id=63\" class=\"more-link\"><span class=\"screen-reader-text\">\u201eHistorie\u201c<\/span> weiterlesen<\/a><\/p>\n","protected":false},"author":1,"featured_media":0,"parent":0,"menu_order":0,"comment_status":"closed","ping_status":"closed","template":"","meta":{"footnotes":""},"_links":{"self":[{"href":"http:\/\/www.michels-restaurant.de\/index.php?rest_route=\/wp\/v2\/pages\/63"}],"collection":[{"href":"http:\/\/www.michels-restaurant.de\/index.php?rest_route=\/wp\/v2\/pages"}],"about":[{"href":"http:\/\/www.michels-restaurant.de\/index.php?rest_route=\/wp\/v2\/types\/page"}],"author":[{"embeddable":true,"href":"http:\/\/www.michels-restaurant.de\/index.php?rest_route=\/wp\/v2\/users\/1"}],"replies":[{"embeddable":true,"href":"http:\/\/www.michels-restaurant.de\/index.php?rest_route=%2Fwp%2Fv2%2Fcomments&post=63"}],"version-history":[{"count":9,"href":"http:\/\/www.michels-restaurant.de\/index.php?rest_route=\/wp\/v2\/pages\/63\/revisions"}],"predecessor-version":[{"id":439,"href":"http:\/\/www.michels-restaurant.de\/index.php?rest_route=\/wp\/v2\/pages\/63\/revisions\/439"}],"wp:attachment":[{"href":"http:\/\/www.michels-restaurant.de\/index.php?rest_route=%2Fwp%2Fv2%2Fmedia&parent=63"}],"curies":[{"name":"wp","href":"https:\/\/api.w.org\/{rel}","templated":true}]}}