{"id":22,"date":"2019-03-31T05:32:10","date_gmt":"2019-03-31T03:32:10","guid":{"rendered":"https:\/\/nas\/eichhorn\/?page_id=22"},"modified":"2021-06-29T18:01:03","modified_gmt":"2021-06-29T16:01:03","slug":"a-homepage-section","status":"publish","type":"page","link":"http:\/\/www.michels-restaurant.de\/","title":{"rendered":"Michel&#8217;s Restaurant"},"content":{"rendered":"\n<div class=\"wp-block-image\"><figure class=\"aligncenter\"><img decoding=\"async\" loading=\"lazy\" width=\"768\" height=\"1024\" src=\"https:\/\/christian.scheuermann.com.de\/eichhorn\/wp-content\/uploads\/2019\/04\/DSCF0932-e1558447353161-768x1024.jpg\" alt=\"\" class=\"wp-image-162\" srcset=\"http:\/\/www.michels-restaurant.de\/wp-content\/uploads\/2019\/04\/DSCF0932-e1558447353161-768x1024.jpg 768w, http:\/\/www.michels-restaurant.de\/wp-content\/uploads\/2019\/04\/DSCF0932-e1558447353161-225x300.jpg 225w, http:\/\/www.michels-restaurant.de\/wp-content\/uploads\/2019\/04\/DSCF0932-e1558447353161-1200x1600.jpg 1200w\" sizes=\"(max-width: 768px) 85vw, 768px\" \/><\/figure><\/div>\n\n\n\n<p class=\"has-text-align-center\"><em><strong>&#8222;Kommen Sie als Gast und gehen Sie als Freund!&#8220;<\/strong><\/em><\/p>\n\n\n\n<p class=\"has-text-align-center\">so lautet das Motto des Chefs.<\/p>\n\n\n\n<p class=\"has-text-align-center\">Seien Sie herzlich willkommen&nbsp;<strong>in einem der \u00e4ltesten Gasth\u00e4user Deutschlands<\/strong>&nbsp;und lassen Sie sich in unserem gem\u00fctlichen und gepflegten Restaurant verw\u00f6hnen.<\/p>\n\n\n\n<p class=\"has-text-align-center\">Wir bieten eine gutb\u00fcrgerliche K\u00fcche mit regionalen, italienischen und franz\u00f6sischen Akzenten. Die Speisenkarte beinhaltet sch\u00f6ne Vorspeisen, interessante Suppen, kleine Gerichte, frische Salate, verschiedene Nudelgerichte, besondere Tagesempfehlungen, saisonale Leckereien, allerlei Hauptgerichte und ausgefallene Desserts zu fairen Preisen.<\/p>\n\n\n\n<p class=\"has-text-align-center\">Michael Eichhorns Bestreben ist es f\u00fcr jeden Gast das Richtige anbieten zu k\u00f6nnen &#8211; von deftig, rustikalen Speisen bis zum anspruchsvollen Men\u00fc.<\/p>\n\n\n\n<p class=\"has-text-align-center\">Kaffee &amp; Kuchen im Angebot.<\/p>\n\n\n\n<p class=\"has-text-align-center\">F\u00fcr Familienfeiern und Reisegruppen sind wir Ihr idealer Partner.<\/p>\n\n\n\n<p class=\"has-text-align-center\">M\u00f6chten Sie nur etwas trinken, sind Sie auch hierzu herzlich willkommen und gut aufgehoben. Eine reichhaltige Getr\u00e4nkekarte steht zur Verf\u00fcgung.<\/p>\n\n\n\n<p class=\"has-text-align-center\">Lassen Sie sich \u00fcberraschen!<\/p>\n\n\n\n<p class=\"has-text-align-center\"> Im Sommer bieten wir Ihnen Urlaubsflair mit mediterraner Atmosph\u00e4re auf unserer<strong><em>&#8222;M\u00fcmling-Terrasse&#8220;, <\/em><\/strong>die sich auf der R\u00fcckseite des Restaurants direkt am Fluss befindet.  <\/p>\n\n\n\n<div class=\"alignnormal\"><div id=\"metaslider-id-69\" style=\"width: 100%;\" class=\"ml-slider-3-40-0 metaslider metaslider-flex metaslider-69 ml-slider ms-theme-radix has-carousel-mode has-dots-nav\" role=\"region\" aria-roledescription=\"Slideshow\" aria-label=\"Header\">\n    <div id=\"metaslider_container_69\">\n        <div id=\"metaslider_69\">\n            <ul aria-live=\"polite\" class=\"slides\">\n                <li style=\"display: none; width: 100%;\" class=\"slide-167 ms-image\" aria-roledescription=\"slide\" aria-label=\"slide-167\"><img src=\"http:\/\/www.michels-restaurant.de\/wp-content\/uploads\/2019\/04\/DSCF0881-700x500.jpg\" height=\"500\" width=\"700\" alt=\"\" class=\"slider-69 slide-167\" title=\"DSCF0881\" \/><\/li>\n                <li style=\"display: none; width: 100%;\" class=\"slide-441 ms-image\" aria-roledescription=\"slide\" aria-label=\"slide-441\"><img src=\"http:\/\/www.michels-restaurant.de\/wp-content\/uploads\/2019\/04\/DSCF0973-700x500.jpg\" height=\"500\" width=\"700\" alt=\"\" class=\"slider-69 slide-441\" title=\"ger\u00e4ucherte Entenbrust\" \/><\/li>\n                <li style=\"display: none; width: 100%;\" class=\"slide-168 ms-image\" aria-roledescription=\"slide\" aria-label=\"slide-168\"><img src=\"http:\/\/www.michels-restaurant.de\/wp-content\/uploads\/2019\/04\/DSCF0861-700x500.jpg\" height=\"500\" width=\"700\" alt=\"\" class=\"slider-69 slide-168\" title=\"DSCF0861\" \/><\/li>\n                <li style=\"display: none; width: 100%;\" class=\"slide-169 ms-image\" aria-roledescription=\"slide\" aria-label=\"slide-169\"><img src=\"http:\/\/www.michels-restaurant.de\/wp-content\/uploads\/2019\/04\/DSCF0887-700x500.jpg\" height=\"500\" width=\"700\" alt=\"\" class=\"slider-69 slide-169\" title=\"DSCF0887\" \/><\/li>\n                <li style=\"display: none; width: 100%;\" class=\"slide-442 ms-image\" aria-roledescription=\"slide\" aria-label=\"slide-442\"><img src=\"http:\/\/www.michels-restaurant.de\/wp-content\/uploads\/2019\/04\/DSCF0979-700x500.jpg\" height=\"500\" width=\"700\" alt=\"\" class=\"slider-69 slide-442\" title=\"Hirtenflammkuchen\" \/><\/li>\n                <li style=\"display: none; width: 100%;\" class=\"slide-170 ms-image\" aria-roledescription=\"slide\" aria-label=\"slide-170\"><img src=\"http:\/\/www.michels-restaurant.de\/wp-content\/uploads\/2019\/04\/DSCF0872-700x500.jpg\" height=\"500\" width=\"700\" alt=\"\" class=\"slider-69 slide-170\" title=\"DSCF0872\" \/><\/li>\n                <li style=\"display: none; width: 100%;\" class=\"slide-171 ms-image\" aria-roledescription=\"slide\" aria-label=\"slide-171\"><img src=\"http:\/\/www.michels-restaurant.de\/wp-content\/uploads\/2019\/04\/DSCF0891_Kennzeichen-700x500.jpg\" height=\"500\" width=\"700\" alt=\"\" class=\"slider-69 slide-171\" title=\"DSCF0891_Kennzeichen\" \/><\/li>\n                <li style=\"display: none; width: 100%;\" class=\"slide-443 ms-image\" aria-roledescription=\"slide\" aria-label=\"slide-443\"><img src=\"http:\/\/www.michels-restaurant.de\/wp-content\/uploads\/2019\/04\/DSCF0985-700x500.jpg\" height=\"500\" width=\"700\" alt=\"\" class=\"slider-69 slide-443\" title=\"Victoriabarschfilet\" \/><\/li>\n                <li style=\"display: none; width: 100%;\" class=\"slide-172 ms-image\" aria-roledescription=\"slide\" aria-label=\"slide-172\"><img src=\"http:\/\/www.michels-restaurant.de\/wp-content\/uploads\/2019\/04\/DSCF0903-700x500.jpg\" height=\"500\" width=\"700\" alt=\"\" class=\"slider-69 slide-172\" title=\"DSCF0903\" \/><\/li>\n                <li style=\"display: none; width: 100%;\" class=\"slide-173 ms-image\" aria-roledescription=\"slide\" aria-label=\"slide-173\"><img src=\"http:\/\/www.michels-restaurant.de\/wp-content\/uploads\/2019\/04\/DSCF0899-700x500.jpg\" height=\"500\" width=\"700\" alt=\"\" class=\"slider-69 slide-173\" title=\"DSCF0899\" \/><\/li>\n                <li style=\"display: none; width: 100%;\" class=\"slide-446 ms-image\" aria-roledescription=\"slide\" aria-label=\"slide-446\"><img src=\"http:\/\/www.michels-restaurant.de\/wp-content\/uploads\/2019\/04\/DSCF0938-700x500.jpg\" height=\"500\" width=\"700\" alt=\"\" class=\"slider-69 slide-446\" title=\"Rumpsteak an Balsamico\" \/><\/li>\n                <li style=\"display: none; width: 100%;\" class=\"slide-174 ms-image\" aria-roledescription=\"slide\" aria-label=\"slide-174\"><img src=\"http:\/\/www.michels-restaurant.de\/wp-content\/uploads\/2019\/04\/DSCF0867-700x500.jpg\" height=\"500\" width=\"700\" alt=\"\" class=\"slider-69 slide-174\" title=\"DSCF0867\" \/><\/li>\n                <li style=\"display: none; width: 100%;\" class=\"slide-440 ms-image\" aria-roledescription=\"slide\" aria-label=\"slide-440\"><img src=\"http:\/\/www.michels-restaurant.de\/wp-content\/uploads\/2019\/04\/DSCF0915-700x500.jpg\" height=\"500\" width=\"700\" alt=\"\" class=\"slider-69 slide-440\" title=\"ger\u00e4ucherte Entenbrust\" \/><\/li>\n                <li style=\"display: none; width: 100%;\" class=\"slide-444 ms-image\" aria-roledescription=\"slide\" aria-label=\"slide-444\"><img src=\"http:\/\/www.michels-restaurant.de\/wp-content\/uploads\/2019\/04\/DSCF0984-700x500.jpg\" height=\"500\" width=\"700\" alt=\"\" class=\"slider-69 slide-444\" title=\"Torte &quot;Pfirsich-Melba&quot;\" \/><\/li>\n                <li style=\"display: none; width: 100%;\" class=\"slide-888 ms-image\" aria-roledescription=\"slide\" aria-label=\"slide-888\"><img src=\"http:\/\/www.michels-restaurant.de\/wp-content\/uploads\/2021\/07\/IMG-20210625-WA0003-700x500.jpg\" height=\"500\" width=\"700\" alt=\"\" class=\"slider-69 slide-888\" title=\"IMG-20210625-WA0003\" \/><\/li>\n                <li style=\"display: none; width: 100%;\" class=\"slide-889 ms-image\" aria-roledescription=\"slide\" aria-label=\"slide-889\"><img src=\"http:\/\/www.michels-restaurant.de\/wp-content\/uploads\/2021\/07\/IMG-20210625-WA0006-700x500.jpg\" height=\"500\" width=\"700\" alt=\"\" class=\"slider-69 slide-889\" title=\"IMG-20210625-WA0006\" \/><\/li>\n                <li style=\"display: none; width: 100%;\" class=\"slide-890 ms-image\" aria-roledescription=\"slide\" aria-label=\"slide-890\"><img src=\"http:\/\/www.michels-restaurant.de\/wp-content\/uploads\/2021\/07\/IMG-20210625-WA0005-700x500.jpg\" height=\"500\" width=\"700\" alt=\"\" class=\"slider-69 slide-890\" title=\"IMG-20210625-WA0005\" \/><\/li>\n                <li style=\"display: none; width: 100%;\" class=\"slide-891 ms-image\" aria-roledescription=\"slide\" aria-label=\"slide-891\"><img src=\"http:\/\/www.michels-restaurant.de\/wp-content\/uploads\/2021\/07\/IMG-20210625-WA0007-700x500.jpg\" height=\"500\" width=\"700\" alt=\"\" class=\"slider-69 slide-891\" title=\"IMG-20210625-WA0007\" \/><\/li>\n                <li style=\"display: none; width: 100%;\" class=\"slide-892 ms-image\" aria-roledescription=\"slide\" aria-label=\"slide-892\"><img src=\"http:\/\/www.michels-restaurant.de\/wp-content\/uploads\/2021\/07\/IMG-20210625-WA0008-700x500.jpg\" height=\"500\" width=\"700\" alt=\"\" class=\"slider-69 slide-892\" title=\"IMG-20210625-WA0008\" \/><\/li>\n                <li style=\"display: none; width: 100%;\" class=\"slide-893 ms-image\" aria-roledescription=\"slide\" aria-label=\"slide-893\"><img src=\"http:\/\/www.michels-restaurant.de\/wp-content\/uploads\/2021\/07\/IMG-20210625-WA0010-700x500.jpg\" height=\"500\" width=\"700\" alt=\"\" class=\"slider-69 slide-893\" title=\"IMG-20210625-WA0010\" \/><\/li>\n                <li style=\"display: none; width: 100%;\" class=\"slide-894 ms-image\" aria-roledescription=\"slide\" aria-label=\"slide-894\"><img src=\"http:\/\/www.michels-restaurant.de\/wp-content\/uploads\/2021\/07\/IMG-20210625-WA0009-700x500.jpg\" height=\"500\" width=\"700\" alt=\"\" class=\"slider-69 slide-894\" title=\"IMG-20210625-WA0009\" \/><\/li>\n                <li style=\"display: none; width: 100%;\" class=\"slide-895 ms-image\" aria-roledescription=\"slide\" aria-label=\"slide-895\"><img src=\"http:\/\/www.michels-restaurant.de\/wp-content\/uploads\/2021\/07\/IMG-20210625-WA0011-700x500.jpg\" height=\"500\" width=\"700\" alt=\"\" class=\"slider-69 slide-895\" title=\"IMG-20210625-WA0011\" \/><\/li>\n                <li style=\"display: none; width: 100%;\" class=\"slide-896 ms-image\" aria-roledescription=\"slide\" aria-label=\"slide-896\"><img src=\"http:\/\/www.michels-restaurant.de\/wp-content\/uploads\/2021\/07\/IMG-20210625-WA0013-700x500.jpg\" height=\"500\" width=\"700\" alt=\"\" class=\"slider-69 slide-896\" title=\"IMG-20210625-WA0013\" \/><\/li>\n                <li style=\"display: none; width: 100%;\" class=\"slide-897 ms-image\" aria-roledescription=\"slide\" aria-label=\"slide-897\"><img src=\"http:\/\/www.michels-restaurant.de\/wp-content\/uploads\/2021\/07\/IMG-20210625-WA0012-700x500.jpg\" height=\"500\" width=\"700\" alt=\"\" class=\"slider-69 slide-897\" title=\"IMG-20210625-WA0012\" \/><\/li>\n                <li style=\"display: none; width: 100%;\" class=\"slide-898 ms-image\" aria-roledescription=\"slide\" aria-label=\"slide-898\"><img src=\"http:\/\/www.michels-restaurant.de\/wp-content\/uploads\/2021\/07\/IMG-20210625-WA0015-700x500.jpg\" height=\"500\" width=\"700\" alt=\"\" class=\"slider-69 slide-898\" title=\"IMG-20210625-WA0015\" \/><\/li>\n                <li style=\"display: none; width: 100%;\" class=\"slide-899 ms-image\" aria-roledescription=\"slide\" aria-label=\"slide-899\"><img src=\"http:\/\/www.michels-restaurant.de\/wp-content\/uploads\/2021\/07\/IMG-20210625-WA0014-700x500.jpg\" height=\"500\" width=\"700\" alt=\"\" class=\"slider-69 slide-899\" title=\"IMG-20210625-WA0014\" \/><\/li>\n                <li style=\"display: none; width: 100%;\" class=\"slide-900 ms-image\" aria-roledescription=\"slide\" aria-label=\"slide-900\"><img src=\"http:\/\/www.michels-restaurant.de\/wp-content\/uploads\/2021\/07\/IMG-20210625-WA0016-700x500.jpg\" height=\"500\" width=\"700\" alt=\"\" class=\"slider-69 slide-900\" title=\"IMG-20210625-WA0016\" \/><\/li>\n                <li style=\"display: none; width: 100%;\" class=\"slide-901 ms-image\" aria-roledescription=\"slide\" aria-label=\"slide-901\"><img src=\"http:\/\/www.michels-restaurant.de\/wp-content\/uploads\/2021\/07\/IMG-20210625-WA0017-700x500.jpg\" height=\"500\" width=\"700\" alt=\"\" class=\"slider-69 slide-901\" title=\"IMG-20210625-WA0017\" \/><\/li>\n                <li style=\"display: none; width: 100%;\" class=\"slide-902 ms-image\" aria-roledescription=\"slide\" aria-label=\"slide-902\"><img src=\"http:\/\/www.michels-restaurant.de\/wp-content\/uploads\/2021\/07\/IMG-20210625-WA0018-700x500.jpg\" height=\"500\" width=\"700\" alt=\"\" class=\"slider-69 slide-902\" title=\"IMG-20210625-WA0018\" \/><\/li>\n                <li style=\"display: none; width: 100%;\" class=\"slide-903 ms-image\" aria-roledescription=\"slide\" aria-label=\"slide-903\"><img src=\"http:\/\/www.michels-restaurant.de\/wp-content\/uploads\/2021\/07\/IMG-20210625-WA0019-700x500.jpg\" height=\"500\" width=\"700\" alt=\"\" class=\"slider-69 slide-903\" title=\"IMG-20210625-WA0019\" \/><\/li>\n                <li style=\"display: none; width: 100%;\" class=\"slide-904 ms-image\" aria-roledescription=\"slide\" aria-label=\"slide-904\"><img src=\"http:\/\/www.michels-restaurant.de\/wp-content\/uploads\/2021\/07\/IMG-20210625-WA0022-700x500.jpg\" height=\"500\" width=\"700\" alt=\"\" class=\"slider-69 slide-904\" title=\"IMG-20210625-WA0022\" \/><\/li>\n                <li style=\"display: none; width: 100%;\" class=\"slide-905 ms-image\" aria-roledescription=\"slide\" aria-label=\"slide-905\"><img src=\"http:\/\/www.michels-restaurant.de\/wp-content\/uploads\/2021\/07\/IMG-20210625-WA0024-700x500.jpg\" height=\"500\" width=\"700\" alt=\"\" class=\"slider-69 slide-905\" title=\"IMG-20210625-WA0024\" \/><\/li>\n                <li style=\"display: none; width: 100%;\" class=\"slide-906 ms-image\" aria-roledescription=\"slide\" aria-label=\"slide-906\"><img src=\"http:\/\/www.michels-restaurant.de\/wp-content\/uploads\/2021\/07\/IMG-20210625-WA0023-700x500.jpg\" height=\"500\" width=\"700\" alt=\"\" class=\"slider-69 slide-906\" title=\"IMG-20210625-WA0023\" \/><\/li>\n                <li style=\"display: none; width: 100%;\" class=\"slide-907 ms-image\" aria-roledescription=\"slide\" aria-label=\"slide-907\"><img src=\"http:\/\/www.michels-restaurant.de\/wp-content\/uploads\/2021\/07\/IMG-20210625-WA0026-700x500.jpg\" height=\"500\" width=\"700\" alt=\"\" class=\"slider-69 slide-907\" title=\"IMG-20210625-WA0026\" \/><\/li>\n                <li style=\"display: none; width: 100%;\" class=\"slide-908 ms-image\" aria-roledescription=\"slide\" aria-label=\"slide-908\"><img src=\"http:\/\/www.michels-restaurant.de\/wp-content\/uploads\/2021\/07\/IMG-20210625-WA0025-700x500.jpg\" height=\"500\" width=\"700\" alt=\"\" class=\"slider-69 slide-908\" title=\"IMG-20210625-WA0025\" \/><\/li>\n                <li style=\"display: none; width: 100%;\" class=\"slide-909 ms-image\" aria-roledescription=\"slide\" aria-label=\"slide-909\"><img src=\"http:\/\/www.michels-restaurant.de\/wp-content\/uploads\/2021\/07\/IMG-20210625-WA0028-700x500.jpg\" height=\"500\" width=\"700\" alt=\"\" class=\"slider-69 slide-909\" title=\"IMG-20210625-WA0028\" \/><\/li>\n                <li style=\"display: none; width: 100%;\" class=\"slide-910 ms-image\" aria-roledescription=\"slide\" aria-label=\"slide-910\"><img src=\"http:\/\/www.michels-restaurant.de\/wp-content\/uploads\/2021\/07\/IMG-20210625-WA0021-700x500.jpg\" height=\"500\" width=\"700\" alt=\"\" class=\"slider-69 slide-910\" title=\"IMG-20210625-WA0021\" \/><\/li>\n                <li style=\"display: none; width: 100%;\" class=\"slide-911 ms-image\" aria-roledescription=\"slide\" aria-label=\"slide-911\"><img src=\"http:\/\/www.michels-restaurant.de\/wp-content\/uploads\/2021\/07\/IMG-20210625-WA0027-700x500.jpg\" height=\"500\" width=\"700\" alt=\"\" class=\"slider-69 slide-911\" title=\"IMG-20210625-WA0027\" \/><\/li>\n                <li style=\"display: none; width: 100%;\" class=\"slide-912 ms-image\" aria-roledescription=\"slide\" aria-label=\"slide-912\"><img src=\"http:\/\/www.michels-restaurant.de\/wp-content\/uploads\/2021\/07\/IMG-20210625-WA0030-639x456.jpg\" height=\"500\" width=\"700\" alt=\"\" class=\"slider-69 slide-912\" title=\"IMG-20210625-WA0030\" \/><\/li>\n                <li style=\"display: none; width: 100%;\" class=\"slide-913 ms-image\" aria-roledescription=\"slide\" aria-label=\"slide-913\"><img src=\"http:\/\/www.michels-restaurant.de\/wp-content\/uploads\/2021\/07\/IMG-20210625-WA0029-700x500.jpg\" height=\"500\" width=\"700\" alt=\"\" class=\"slider-69 slide-913\" title=\"IMG-20210625-WA0029\" \/><\/li>\n                <li style=\"display: none; width: 100%;\" class=\"slide-914 ms-image\" aria-roledescription=\"slide\" aria-label=\"slide-914\"><img src=\"http:\/\/www.michels-restaurant.de\/wp-content\/uploads\/2021\/07\/IMG-20210624-WA0006-700x500.jpg\" height=\"500\" width=\"700\" alt=\"\" class=\"slider-69 slide-914\" title=\"IMG-20210624-WA0006\" \/><\/li>\n                <li style=\"display: none; width: 100%;\" class=\"slide-915 ms-image\" aria-roledescription=\"slide\" aria-label=\"slide-915\"><img src=\"http:\/\/www.michels-restaurant.de\/wp-content\/uploads\/2021\/07\/IMG-20210625-WA0031-700x500.jpg\" height=\"500\" width=\"700\" alt=\"\" class=\"slider-69 slide-915\" title=\"IMG-20210625-WA0031\" \/><\/li>\n                <li style=\"display: none; width: 100%;\" class=\"slide-916 ms-image\" aria-roledescription=\"slide\" aria-label=\"slide-916\"><img src=\"http:\/\/www.michels-restaurant.de\/wp-content\/uploads\/2021\/07\/IMG-20210625-WA0032-700x500.jpg\" height=\"500\" width=\"700\" alt=\"\" class=\"slider-69 slide-916\" title=\"IMG-20210625-WA0032\" \/><\/li>\n            <\/ul>\n        <\/div>\n        \n    <\/div>\n<\/div><\/div>\n","protected":false},"excerpt":{"rendered":"<p>&#8222;Kommen Sie als Gast und gehen Sie als Freund!&#8220; so lautet das Motto des Chefs. Seien Sie herzlich willkommen&nbsp;in einem der \u00e4ltesten Gasth\u00e4user Deutschlands&nbsp;und lassen Sie sich in unserem gem\u00fctlichen und gepflegten Restaurant verw\u00f6hnen. Wir bieten eine gutb\u00fcrgerliche K\u00fcche mit regionalen, italienischen und franz\u00f6sischen Akzenten. Die Speisenkarte beinhaltet sch\u00f6ne Vorspeisen, interessante Suppen, kleine Gerichte, frische &hellip; <a href=\"http:\/\/www.michels-restaurant.de\/\" class=\"more-link\"><span class=\"screen-reader-text\">\u201eMichel&#8217;s Restaurant\u201c<\/span> weiterlesen<\/a><\/p>\n","protected":false},"author":1,"featured_media":148,"parent":0,"menu_order":13,"comment_status":"closed","ping_status":"closed","template":"","meta":{"footnotes":""},"_links":{"self":[{"href":"http:\/\/www.michels-restaurant.de\/index.php?rest_route=\/wp\/v2\/pages\/22"}],"collection":[{"href":"http:\/\/www.michels-restaurant.de\/index.php?rest_route=\/wp\/v2\/pages"}],"about":[{"href":"http:\/\/www.michels-restaurant.de\/index.php?rest_route=\/wp\/v2\/types\/page"}],"author":[{"embeddable":true,"href":"http:\/\/www.michels-restaurant.de\/index.php?rest_route=\/wp\/v2\/users\/1"}],"replies":[{"embeddable":true,"href":"http:\/\/www.michels-restaurant.de\/index.php?rest_route=%2Fwp%2Fv2%2Fcomments&post=22"}],"version-history":[{"count":24,"href":"http:\/\/www.michels-restaurant.de\/index.php?rest_route=\/wp\/v2\/pages\/22\/revisions"}],"predecessor-version":[{"id":624,"href":"http:\/\/www.michels-restaurant.de\/index.php?rest_route=\/wp\/v2\/pages\/22\/revisions\/624"}],"wp:featuredmedia":[{"embeddable":true,"href":"http:\/\/www.michels-restaurant.de\/index.php?rest_route=\/wp\/v2\/media\/148"}],"wp:attachment":[{"href":"http:\/\/www.michels-restaurant.de\/index.php?rest_route=%2Fwp%2Fv2%2Fmedia&parent=22"}],"curies":[{"name":"wp","href":"https:\/\/api.w.org\/{rel}","templated":true}]}}