{"id":125,"date":"2019-04-15T17:45:11","date_gmt":"2019-04-15T15:45:11","guid":{"rendered":"https:\/\/christian.scheuermann.com.de\/eichhorn\/?page_id=125"},"modified":"2019-08-07T11:17:09","modified_gmt":"2019-08-07T09:17:09","slug":"eichkatzchenstube","status":"publish","type":"page","link":"http:\/\/www.michels-restaurant.de\/?page_id=125","title":{"rendered":"Eichk\u00e4tzchen-Stube"},"content":{"rendered":"\n<p style=\"text-align:center\">Odenw\u00e4lder Lebensart im historischen Gasthaus<\/p>\n\n\n\n<p style=\"text-align:center\">Regional, deftig, urig, traditionell, gem\u00fctlich und gut &#8211; das zeichnet unsere Odenw\u00e4lder Stube aus.<\/p>\n\n\n\n<p style=\"text-align:center\">Hier bieten wir Ihnen heimische Spezialit\u00e4ten, wie z. B. Odenw\u00e4lder Apfelweinh\u00e4hnchen, Kartoffelhackbraten, Schnitzel in verschiedenen Variationen, Wildleckereien und Traditionelles modern zubereitet an.<\/p>\n\n\n\n<p style=\"text-align:center\">Zu unseren beliebten Gerichten servieren wir regionale Getr\u00e4nke wie Apfelwein, diverse Biere (Erbacher &amp; Schmucker) und Weine aus der n\u00e4heren Umgebung.<\/p>\n","protected":false},"excerpt":{"rendered":"<p>Odenw\u00e4lder Lebensart im historischen Gasthaus Regional, deftig, urig, traditionell, gem\u00fctlich und gut &#8211; das zeichnet unsere Odenw\u00e4lder Stube aus. Hier bieten wir Ihnen heimische Spezialit\u00e4ten, wie z. B. Odenw\u00e4lder Apfelweinh\u00e4hnchen, Kartoffelhackbraten, Schnitzel in verschiedenen Variationen, Wildleckereien und Traditionelles modern zubereitet an. Zu unseren beliebten Gerichten servieren wir regionale Getr\u00e4nke wie Apfelwein, diverse Biere (Erbacher &amp; &hellip; <a href=\"http:\/\/www.michels-restaurant.de\/?page_id=125\" class=\"more-link\"><span class=\"screen-reader-text\">\u201eEichk\u00e4tzchen-Stube\u201c<\/span> weiterlesen<\/a><\/p>\n","protected":false},"author":1,"featured_media":0,"parent":0,"menu_order":0,"comment_status":"closed","ping_status":"closed","template":"","meta":{"footnotes":""},"_links":{"self":[{"href":"http:\/\/www.michels-restaurant.de\/index.php?rest_route=\/wp\/v2\/pages\/125"}],"collection":[{"href":"http:\/\/www.michels-restaurant.de\/index.php?rest_route=\/wp\/v2\/pages"}],"about":[{"href":"http:\/\/www.michels-restaurant.de\/index.php?rest_route=\/wp\/v2\/types\/page"}],"author":[{"embeddable":true,"href":"http:\/\/www.michels-restaurant.de\/index.php?rest_route=\/wp\/v2\/users\/1"}],"replies":[{"embeddable":true,"href":"http:\/\/www.michels-restaurant.de\/index.php?rest_route=%2Fwp%2Fv2%2Fcomments&post=125"}],"version-history":[{"count":6,"href":"http:\/\/www.michels-restaurant.de\/index.php?rest_route=\/wp\/v2\/pages\/125\/revisions"}],"predecessor-version":[{"id":436,"href":"http:\/\/www.michels-restaurant.de\/index.php?rest_route=\/wp\/v2\/pages\/125\/revisions\/436"}],"wp:attachment":[{"href":"http:\/\/www.michels-restaurant.de\/index.php?rest_route=%2Fwp%2Fv2%2Fmedia&parent=125"}],"curies":[{"name":"wp","href":"https:\/\/api.w.org\/{rel}","templated":true}]}}